{"id":537,"date":"2016-11-10T11:00:37","date_gmt":"2016-11-10T10:00:37","guid":{"rendered":"http:\/\/wwwwordpress.prinzengarde.org\/?page_id=537"},"modified":"2025-04-03T20:28:53","modified_gmt":"2025-04-03T18:28:53","slug":"agb","status":"publish","type":"page","link":"https:\/\/www.prinzengarde-alsdorf.de\/?page_id=537","title":{"rendered":"AGB"},"content":{"rendered":"<p><div class=\"fusion-fullwidth fullwidth-box fusion-builder-row-1 nonhundred-percent-fullwidth non-hundred-percent-height-scrolling\" style=\"--awb-background-position:left top;--awb-border-sizes-top:0px;--awb-border-sizes-bottom:0px;--awb-border-sizes-left:0px;--awb-border-sizes-right:0px;--awb-border-radius-top-left:0px;--awb-border-radius-top-right:0px;--awb-border-radius-bottom-right:0px;--awb-border-radius-bottom-left:0px;--awb-padding-top:20px;--awb-padding-bottom:20px;--awb-flex-wrap:wrap;\" ><div class=\"fusion-builder-row fusion-row\"><div class=\"fusion-layout-column fusion_builder_column fusion-builder-column-0 fusion_builder_column_1_6 1_6 fusion-one-sixth fusion-column-first\" style=\"--awb-bg-size:cover;width:16.666666666667%;width:calc(16.666666666667% - ( ( 4% + 4% ) * 0.16666666666667 ) );margin-right: 4%;\"><div class=\"fusion-column-wrapper fusion-flex-column-wrapper-legacy\"><div class=\"fusion-clearfix\"><\/div><\/div><\/div><div class=\"fusion-layout-column fusion_builder_column fusion-builder-column-1 fusion_builder_column_2_3 2_3 fusion-two-third fusion-column-no-min-height\" style=\"--awb-bg-size:cover;--awb-margin-top:0px;--awb-margin-bottom:0px;width:66.666666666667%;width:calc(66.666666666667% - ( ( 4% + 4% ) * 0.66666666666667 ) );margin-right: 4%;\"><div class=\"fusion-column-wrapper fusion-flex-column-wrapper-legacy\"><div class=\"fusion-text fusion-text-1\"><h3><strong>Geltungsbereich<\/strong><\/h3>\n<p lang=\"de-DE\">Die folgenden allgemeinen Nutzungs- und Gesch\u00e4ftsbedingungen gelten insbesondere f\u00fcr den Online \u2013Kartenverkauf.\u00a0Dar\u00fcber hinaus gelten im Hinblick auf den Veranstaltungsbesuch weitere allgemeine Gesch\u00e4ftsbedingungen von KG Prinzengarde Alsdorf e.V.<\/p>\n<h3 lang=\"de-DE\"><strong>Vertragsabschluss<\/strong><\/h3>\n<p lang=\"de-DE\">Das Angebot zum Vertragsabschluss seitens des Kunden erfolgt durch die korrekte Eingabe und Absendung der Adresse. KG Prinzengarde Alsdorf e.V. nimmt das Vertragsangebot durch \u00dcbermittlung einer Best\u00e4tigungsmitteilung per E-Mail oder durch Lieferung der jeweiligen Eintrittskarten an.<\/p>\n<h3 lang=\"de-DE\"><strong>Preise und Geb\u00fchren<\/strong><\/h3>\n<p lang=\"de-DE\">Der angebotene Preis f\u00fcr die Eintrittskarten im Internet ist inklusive gesetzlicher Mehrwertsteuer. KG Prinzengarde Alsdorf e.V. beh\u00e4lt sich vor, bei offensichtlichen Preisirrt\u00fcmern vom Vertrag zur\u00fcckzutreten.<\/p>\n<h3 lang=\"de-DE\"><strong>Lieferung<\/strong><\/h3>\n<p lang=\"de-DE\">Die Lieferung der bestellten Eintrittskarten erfolgt auf Kosten und Risiko des Bestellers.\u00a0Die Eintrittskarten werden per Standardbrief zugestellt.<\/p>\n<h3 lang=\"de-DE\"><strong>Zahlung<\/strong><\/h3>\n<p>Der Gesamtpreis der Bestellung inklusive aller Geb\u00fchren ist nach Vertragsabschluss (Best\u00e4tigungsmitteilung per E-Mail) sofort zur Zahlung f\u00e4llig. Die Zahlung muss an das in der Best\u00e4tigung angegebene Konto mit einer Frist von 10 Tagen (Eingang auf dem Empf\u00e4ngerkonto) erfolgen.<\/p>\n<h3>R\u00fcckgaben<\/h3>\n<p lang=\"de-DE\">Eine R\u00fcckgabe von Eintrittskarten ist nur m\u00f6glich, wenn die Vorstellung von KG Prinzengarde Alsdorf e.V. abgesagt oder verlegt wird.In diesen F\u00e4llen wird der Kunde die Eintrittskarten unverz\u00fcglich, sp\u00e4testens jedoch innerhalb von zwei Wochen nach dem urspr\u00fcnglichen Veranstaltungstermin an KG Prinzengarde Alsdorf e.V. zur\u00fccksenden.\u00a0In Einzelf\u00e4llen kann KG Prinzengarde-Alsdorf e.V. die R\u00fccknahme von Tickets aus Kulanz-Gr\u00fcnden vornehmen.<br \/>\nDer Kunde erh\u00e4lt die Erstattung des vollen Ticketpreises, sofern die Original-Eintrittskarten (keine Kopien) dem Verein vorgelegt werden. Bei Verlust der Eintrittskarten ist keine R\u00fcckerstattung m\u00f6glich.\u00a0Beim Verkauf von Eintrittskarten f\u00fcr Veranstaltungen liegt kein Fernabsatzvertrag gem\u00e4\u00df \u00a7 312b BGB vor. Dies bedeutet, dass ein Widerrufs- und R\u00fcckgaberecht des Kunden nicht besteht.\u00a0Jede Bestellung von Eintrittskarten ist damit unmittelbar nach Best\u00e4tigung durch KG Prinzengarde Alsdorf e.V. bindend und verpflichtet zur Abnahme und Bezahlung der bestellten Karten.<\/p>\n<h3 lang=\"de-DE\">Schlussbestimmungen<\/h3>\n<p lang=\"de-DE\">Sollten Teile dieser Gesch\u00e4ftsbedingungen unwirksam sein, so wird die Wirksamkeit des Vertrages oder der restlichen Gesch\u00e4ftsbedingungen davon nicht ber\u00fchrt.\u00a0Erf\u00fcllungsort f\u00fcr die Zahlung ist der Sitz von KG Prinzengarde Alsdorf e.V. in Alsdorf.\u00a0Gerichtsstand ist ausschlie\u00dflich der Sitz des Vereins in Alsdorf. Es gilt ausschlie\u00dflich das Recht der Bundesrepublik Deutschland.<\/p>\n<\/div><div class=\"fusion-text fusion-text-2\"><\/div><div class=\"fusion-clearfix\"><\/div><\/div><\/div><div class=\"fusion-layout-column fusion_builder_column fusion-builder-column-2 fusion_builder_column_1_6 1_6 fusion-one-sixth fusion-column-last\" style=\"--awb-bg-size:cover;width:16.666666666667%;width:calc(16.666666666667% - ( ( 4% + 4% ) * 0.16666666666667 ) );\"><div class=\"fusion-column-wrapper fusion-flex-column-wrapper-legacy\"><div class=\"fusion-clearfix\"><\/div><\/div><\/div><\/div><div class=\"fusion-builder-row fusion-row\"><\/div><\/div><div class=\"fusion-fullwidth fullwidth-box fusion-builder-row-2 has-pattern-background has-mask-background nonhundred-percent-fullwidth non-hundred-percent-height-scrolling fusion-no-small-visibility fusion-no-medium-visibility fusion-builder-container_fullwidth fusion-custom-z-index\" style=\"--awb-border-radius-top-left:0px;--awb-border-radius-top-right:0px;--awb-border-radius-bottom-right:0px;--awb-border-radius-bottom-left:0px;--awb-z-index:10;--awb-padding-left:0px;--awb-margin-top:0px;--awb-background-color:#d2d8ea;--awb-flex-wrap:nowrap;\" ><div class=\"fusion-builder-row fusion-row\"><div class=\"fusion-layout-column fusion_builder_column fusion-builder-column-3 fusion_builder_column_1_5 1_5 fusion-one-fifth fusion-column-first\" style=\"--awb-bg-size:cover;width:20%;width:calc(20% - ( ( 4% + 4% + 4% + 4% ) * 0.2 ) );margin-right: 4%;\" data-scroll-devices=\"small-visibility,medium-visibility,large-visibility\"><div class=\"fusion-column-wrapper fusion-column-has-shadow fusion-flex-column-wrapper-legacy\"><div class=\"fusion-column-content-centered\"><div class=\"fusion-column-content\"><div class=\"fusion-image-element in-legacy-container\" style=\"--awb-caption-title-font-family:var(--h2_typography-font-family);--awb-caption-title-font-weight:var(--h2_typography-font-weight);--awb-caption-title-font-style:var(--h2_typography-font-style);--awb-caption-title-size:var(--h2_typography-font-size);--awb-caption-title-transform:var(--h2_typography-text-transform);--awb-caption-title-line-height:var(--h2_typography-line-height);--awb-caption-title-letter-spacing:var(--h2_typography-letter-spacing);\"><span class=\" fusion-imageframe imageframe-none imageframe-1 hover-type-none\"><a class=\"fusion-no-lightbox\" href=\"https:\/\/www.aachener-bank.de\/\" target=\"_blank\" aria-label=\"Spons2k25_AachenerBank\" rel=\"noopener noreferrer\"><img decoding=\"async\" width=\"400\" height=\"110\" src=\"https:\/\/www.prinzengarde-alsdorf.de\/wp-content\/uploads\/2025\/04\/Spons2k25_AachenerBank.png\" data-orig-src=\"https:\/\/www.prinzengarde-alsdorf.de\/wp-content\/uploads\/2025\/04\/Spons2k25_AachenerBank-400x110.png\" alt class=\"lazyload img-responsive wp-image-33627\" srcset=\"data:image\/svg+xml,%3Csvg%20xmlns%3D%27http%3A%2F%2Fwww.w3.org%2F2000%2Fsvg%27%20width%3D%27943%27%20height%3D%27259%27%20viewBox%3D%270%200%20943%20259%27%3E%3Crect%20width%3D%27943%27%20height%3D%27259%27%20fill-opacity%3D%220%22%2F%3E%3C%2Fsvg%3E\" data-srcset=\"https:\/\/www.prinzengarde-alsdorf.de\/wp-content\/uploads\/2025\/04\/Spons2k25_AachenerBank-200x55.png 200w, https:\/\/www.prinzengarde-alsdorf.de\/wp-content\/uploads\/2025\/04\/Spons2k25_AachenerBank-400x110.png 400w, https:\/\/www.prinzengarde-alsdorf.de\/wp-content\/uploads\/2025\/04\/Spons2k25_AachenerBank-600x165.png 600w, https:\/\/www.prinzengarde-alsdorf.de\/wp-content\/uploads\/2025\/04\/Spons2k25_AachenerBank-800x220.png 800w, https:\/\/www.prinzengarde-alsdorf.de\/wp-content\/uploads\/2025\/04\/Spons2k25_AachenerBank.png 943w\" data-sizes=\"auto\" data-orig-sizes=\"(max-width: 800px) 100vw, 200px\" \/><\/a><\/span><\/div><\/div><\/div><div class=\"fusion-clearfix\"><\/div><\/div><\/div><div class=\"fusion-layout-column fusion_builder_column fusion-builder-column-4 fusion_builder_column_1_5 1_5 fusion-one-fifth\" style=\"--awb-bg-size:cover;width:20%;width:calc(20% - ( ( 4% + 4% + 4% + 4% ) * 0.2 ) );margin-right: 4%;\" data-scroll-devices=\"small-visibility,medium-visibility,large-visibility\"><div class=\"fusion-column-wrapper fusion-column-has-shadow fusion-flex-column-wrapper-legacy\"><div class=\"fusion-column-content-centered\"><div class=\"fusion-column-content\"><div class=\"fusion-image-element in-legacy-container\" style=\"--awb-caption-title-font-family:var(--h2_typography-font-family);--awb-caption-title-font-weight:var(--h2_typography-font-weight);--awb-caption-title-font-style:var(--h2_typography-font-style);--awb-caption-title-size:var(--h2_typography-font-size);--awb-caption-title-transform:var(--h2_typography-text-transform);--awb-caption-title-line-height:var(--h2_typography-line-height);--awb-caption-title-letter-spacing:var(--h2_typography-letter-spacing);\"><span class=\" fusion-imageframe imageframe-none imageframe-2 hover-type-none\"><a class=\"fusion-no-lightbox\" href=\"https:\/\/www.karnevalswierts.com\/\" target=\"_blank\" aria-label=\"Spons2k25_Karnevalswierts\" rel=\"noopener noreferrer\"><img decoding=\"async\" width=\"400\" height=\"109\" src=\"https:\/\/www.prinzengarde-alsdorf.de\/wp-content\/uploads\/2025\/04\/Spons2k25_Karnevalswierts.png\" data-orig-src=\"https:\/\/www.prinzengarde-alsdorf.de\/wp-content\/uploads\/2025\/04\/Spons2k25_Karnevalswierts-400x109.png\" alt class=\"lazyload img-responsive wp-image-33628\" srcset=\"data:image\/svg+xml,%3Csvg%20xmlns%3D%27http%3A%2F%2Fwww.w3.org%2F2000%2Fsvg%27%20width%3D%27943%27%20height%3D%27258%27%20viewBox%3D%270%200%20943%20258%27%3E%3Crect%20width%3D%27943%27%20height%3D%27258%27%20fill-opacity%3D%220%22%2F%3E%3C%2Fsvg%3E\" data-srcset=\"https:\/\/www.prinzengarde-alsdorf.de\/wp-content\/uploads\/2025\/04\/Spons2k25_Karnevalswierts-200x55.png 200w, https:\/\/www.prinzengarde-alsdorf.de\/wp-content\/uploads\/2025\/04\/Spons2k25_Karnevalswierts-400x109.png 400w, https:\/\/www.prinzengarde-alsdorf.de\/wp-content\/uploads\/2025\/04\/Spons2k25_Karnevalswierts-600x164.png 600w, https:\/\/www.prinzengarde-alsdorf.de\/wp-content\/uploads\/2025\/04\/Spons2k25_Karnevalswierts-800x219.png 800w, https:\/\/www.prinzengarde-alsdorf.de\/wp-content\/uploads\/2025\/04\/Spons2k25_Karnevalswierts.png 943w\" data-sizes=\"auto\" data-orig-sizes=\"(max-width: 800px) 100vw, 200px\" \/><\/a><\/span><\/div><\/div><\/div><div class=\"fusion-clearfix\"><\/div><\/div><\/div><div class=\"fusion-layout-column fusion_builder_column fusion-builder-column-5 fusion_builder_column_1_5 1_5 fusion-one-fifth\" style=\"--awb-bg-size:cover;width:20%;width:calc(20% - ( ( 4% + 4% + 4% + 4% ) * 0.2 ) );margin-right: 4%;\" data-scroll-devices=\"small-visibility,medium-visibility,large-visibility\"><div class=\"fusion-column-wrapper fusion-column-has-shadow fusion-flex-column-wrapper-legacy\"><div class=\"fusion-column-content-centered\"><div class=\"fusion-column-content\"><div class=\"fusion-image-element in-legacy-container\" style=\"--awb-caption-title-font-family:var(--h2_typography-font-family);--awb-caption-title-font-weight:var(--h2_typography-font-weight);--awb-caption-title-font-style:var(--h2_typography-font-style);--awb-caption-title-size:var(--h2_typography-font-size);--awb-caption-title-transform:var(--h2_typography-text-transform);--awb-caption-title-line-height:var(--h2_typography-line-height);--awb-caption-title-letter-spacing:var(--h2_typography-letter-spacing);\"><span class=\" fusion-imageframe imageframe-none imageframe-3 hover-type-none\"><a class=\"fusion-no-lightbox\" href=\"https:\/\/www.aachener-zeitung.de\/\" target=\"_blank\" aria-label=\"Spons2k25_AachenerZeitung\" rel=\"noopener noreferrer\"><img decoding=\"async\" width=\"400\" height=\"109\" src=\"https:\/\/www.prinzengarde-alsdorf.de\/wp-content\/uploads\/2025\/04\/Spons2k25_AachenerZeitung.png\" data-orig-src=\"https:\/\/www.prinzengarde-alsdorf.de\/wp-content\/uploads\/2025\/04\/Spons2k25_AachenerZeitung-400x109.png\" alt class=\"lazyload img-responsive wp-image-33629\" srcset=\"data:image\/svg+xml,%3Csvg%20xmlns%3D%27http%3A%2F%2Fwww.w3.org%2F2000%2Fsvg%27%20width%3D%27943%27%20height%3D%27258%27%20viewBox%3D%270%200%20943%20258%27%3E%3Crect%20width%3D%27943%27%20height%3D%27258%27%20fill-opacity%3D%220%22%2F%3E%3C%2Fsvg%3E\" data-srcset=\"https:\/\/www.prinzengarde-alsdorf.de\/wp-content\/uploads\/2025\/04\/Spons2k25_AachenerZeitung-200x55.png 200w, https:\/\/www.prinzengarde-alsdorf.de\/wp-content\/uploads\/2025\/04\/Spons2k25_AachenerZeitung-400x109.png 400w, https:\/\/www.prinzengarde-alsdorf.de\/wp-content\/uploads\/2025\/04\/Spons2k25_AachenerZeitung-600x164.png 600w, https:\/\/www.prinzengarde-alsdorf.de\/wp-content\/uploads\/2025\/04\/Spons2k25_AachenerZeitung-800x219.png 800w, https:\/\/www.prinzengarde-alsdorf.de\/wp-content\/uploads\/2025\/04\/Spons2k25_AachenerZeitung.png 943w\" data-sizes=\"auto\" data-orig-sizes=\"(max-width: 800px) 100vw, 200px\" \/><\/a><\/span><\/div><\/div><\/div><div class=\"fusion-clearfix\"><\/div><\/div><\/div><div class=\"fusion-layout-column fusion_builder_column fusion-builder-column-6 fusion_builder_column_1_5 1_5 fusion-one-fifth\" style=\"--awb-bg-size:cover;width:20%;width:calc(20% - ( ( 4% + 4% + 4% + 4% ) * 0.2 ) );margin-right: 4%;\" data-scroll-devices=\"small-visibility,medium-visibility,large-visibility\"><div class=\"fusion-column-wrapper fusion-column-has-shadow fusion-flex-column-wrapper-legacy\"><div class=\"fusion-column-content-centered\"><div class=\"fusion-column-content\"><div class=\"fusion-image-element in-legacy-container\" style=\"--awb-caption-title-font-family:var(--h2_typography-font-family);--awb-caption-title-font-weight:var(--h2_typography-font-weight);--awb-caption-title-font-style:var(--h2_typography-font-style);--awb-caption-title-size:var(--h2_typography-font-size);--awb-caption-title-transform:var(--h2_typography-text-transform);--awb-caption-title-line-height:var(--h2_typography-line-height);--awb-caption-title-letter-spacing:var(--h2_typography-letter-spacing);\"><span class=\" fusion-imageframe imageframe-none imageframe-4 hover-type-none\"><a class=\"fusion-no-lightbox\" href=\"https:\/\/www.sparkasse-aachen.de\/\" target=\"_blank\" aria-label=\"Spons2k25_Sparkasse\" rel=\"noopener noreferrer\"><img decoding=\"async\" width=\"400\" height=\"109\" src=\"https:\/\/www.prinzengarde-alsdorf.de\/wp-content\/uploads\/2025\/04\/Spons2k25_Sparkasse.png\" data-orig-src=\"https:\/\/www.prinzengarde-alsdorf.de\/wp-content\/uploads\/2025\/04\/Spons2k25_Sparkasse-400x109.png\" alt class=\"lazyload img-responsive wp-image-33630\" srcset=\"data:image\/svg+xml,%3Csvg%20xmlns%3D%27http%3A%2F%2Fwww.w3.org%2F2000%2Fsvg%27%20width%3D%27943%27%20height%3D%27258%27%20viewBox%3D%270%200%20943%20258%27%3E%3Crect%20width%3D%27943%27%20height%3D%27258%27%20fill-opacity%3D%220%22%2F%3E%3C%2Fsvg%3E\" data-srcset=\"https:\/\/www.prinzengarde-alsdorf.de\/wp-content\/uploads\/2025\/04\/Spons2k25_Sparkasse-200x55.png 200w, https:\/\/www.prinzengarde-alsdorf.de\/wp-content\/uploads\/2025\/04\/Spons2k25_Sparkasse-400x109.png 400w, https:\/\/www.prinzengarde-alsdorf.de\/wp-content\/uploads\/2025\/04\/Spons2k25_Sparkasse-600x164.png 600w, https:\/\/www.prinzengarde-alsdorf.de\/wp-content\/uploads\/2025\/04\/Spons2k25_Sparkasse-800x219.png 800w, https:\/\/www.prinzengarde-alsdorf.de\/wp-content\/uploads\/2025\/04\/Spons2k25_Sparkasse.png 943w\" data-sizes=\"auto\" data-orig-sizes=\"(max-width: 800px) 100vw, 200px\" \/><\/a><\/span><\/div><\/div><\/div><div class=\"fusion-clearfix\"><\/div><\/div><\/div><div class=\"fusion-layout-column fusion_builder_column fusion-builder-column-7 fusion_builder_column_1_5 1_5 fusion-one-fifth fusion-column-last\" style=\"--awb-bg-size:cover;width:20%;width:calc(20% - ( ( 4% + 4% + 4% + 4% ) * 0.2 ) );\" data-scroll-devices=\"small-visibility,medium-visibility,large-visibility\"><div class=\"fusion-column-wrapper fusion-column-has-shadow fusion-flex-column-wrapper-legacy\"><div class=\"fusion-column-content-centered\"><div class=\"fusion-column-content\"><div class=\"fusion-image-element in-legacy-container\" style=\"--awb-caption-title-font-family:var(--h2_typography-font-family);--awb-caption-title-font-weight:var(--h2_typography-font-weight);--awb-caption-title-font-style:var(--h2_typography-font-style);--awb-caption-title-size:var(--h2_typography-font-size);--awb-caption-title-transform:var(--h2_typography-text-transform);--awb-caption-title-line-height:var(--h2_typography-line-height);--awb-caption-title-letter-spacing:var(--h2_typography-letter-spacing);\"><span class=\" fusion-imageframe imageframe-none imageframe-5 hover-type-none\"><a class=\"fusion-no-lightbox\" href=\"https:\/\/www.mb-zittel.de\/\" target=\"_blank\" aria-label=\"Spons2k25_Zittel\" rel=\"noopener noreferrer\"><img decoding=\"async\" width=\"400\" height=\"109\" src=\"https:\/\/www.prinzengarde-alsdorf.de\/wp-content\/uploads\/2025\/04\/Spons2k25_Zittel.png\" data-orig-src=\"https:\/\/www.prinzengarde-alsdorf.de\/wp-content\/uploads\/2025\/04\/Spons2k25_Zittel-400x109.png\" alt class=\"lazyload img-responsive wp-image-33632\" srcset=\"data:image\/svg+xml,%3Csvg%20xmlns%3D%27http%3A%2F%2Fwww.w3.org%2F2000%2Fsvg%27%20width%3D%27943%27%20height%3D%27258%27%20viewBox%3D%270%200%20943%20258%27%3E%3Crect%20width%3D%27943%27%20height%3D%27258%27%20fill-opacity%3D%220%22%2F%3E%3C%2Fsvg%3E\" data-srcset=\"https:\/\/www.prinzengarde-alsdorf.de\/wp-content\/uploads\/2025\/04\/Spons2k25_Zittel-200x55.png 200w, https:\/\/www.prinzengarde-alsdorf.de\/wp-content\/uploads\/2025\/04\/Spons2k25_Zittel-400x109.png 400w, https:\/\/www.prinzengarde-alsdorf.de\/wp-content\/uploads\/2025\/04\/Spons2k25_Zittel-600x164.png 600w, https:\/\/www.prinzengarde-alsdorf.de\/wp-content\/uploads\/2025\/04\/Spons2k25_Zittel-800x219.png 800w, https:\/\/www.prinzengarde-alsdorf.de\/wp-content\/uploads\/2025\/04\/Spons2k25_Zittel.png 943w\" data-sizes=\"auto\" data-orig-sizes=\"(max-width: 800px) 100vw, 200px\" \/><\/a><\/span><\/div><\/div><\/div><div class=\"fusion-clearfix\"><\/div><\/div><\/div><\/div><\/div><\/p>\n","protected":false},"excerpt":{"rendered":"","protected":false},"author":2,"featured_media":0,"parent":0,"menu_order":0,"comment_status":"closed","ping_status":"closed","template":"","meta":{"footnotes":""},"class_list":["post-537","page","type-page","status-publish","hentry"],"_links":{"self":[{"href":"https:\/\/www.prinzengarde-alsdorf.de\/index.php?rest_route=\/wp\/v2\/pages\/537","targetHints":{"allow":["GET"]}}],"collection":[{"href":"https:\/\/www.prinzengarde-alsdorf.de\/index.php?rest_route=\/wp\/v2\/pages"}],"about":[{"href":"https:\/\/www.prinzengarde-alsdorf.de\/index.php?rest_route=\/wp\/v2\/types\/page"}],"author":[{"embeddable":true,"href":"https:\/\/www.prinzengarde-alsdorf.de\/index.php?rest_route=\/wp\/v2\/users\/2"}],"replies":[{"embeddable":true,"href":"https:\/\/www.prinzengarde-alsdorf.de\/index.php?rest_route=%2Fwp%2Fv2%2Fcomments&post=537"}],"version-history":[{"count":0,"href":"https:\/\/www.prinzengarde-alsdorf.de\/index.php?rest_route=\/wp\/v2\/pages\/537\/revisions"}],"wp:attachment":[{"href":"https:\/\/www.prinzengarde-alsdorf.de\/index.php?rest_route=%2Fwp%2Fv2%2Fmedia&parent=537"}],"curies":[{"name":"wp","href":"https:\/\/api.w.org\/{rel}","templated":true}]}}