{"id":113,"date":"2016-09-15T16:16:44","date_gmt":"2016-09-15T14:16:44","guid":{"rendered":"http:\/\/wwwwordpress.prinzengarde.org\/?page_id=113"},"modified":"2025-05-02T17:04:55","modified_gmt":"2025-05-02T15:04:55","slug":"datenschutzerklaerung","status":"publish","type":"page","link":"https:\/\/www.prinzengarde-alsdorf.de\/?page_id=113","title":{"rendered":"Haftungsausschluss &#038; Datenschutzerkl\u00e4rung"},"content":{"rendered":"<p><div class=\"fusion-fullwidth fullwidth-box fusion-builder-row-1 nonhundred-percent-fullwidth non-hundred-percent-height-scrolling\" style=\"--awb-background-position:left top;--awb-border-sizes-top:0px;--awb-border-sizes-bottom:0px;--awb-border-sizes-left:0px;--awb-border-sizes-right:0px;--awb-border-radius-top-left:0px;--awb-border-radius-top-right:0px;--awb-border-radius-bottom-right:0px;--awb-border-radius-bottom-left:0px;--awb-padding-top:20px;--awb-padding-bottom:20px;--awb-flex-wrap:wrap;\" ><div class=\"fusion-builder-row fusion-row\"><div class=\"fusion-layout-column fusion_builder_column fusion-builder-column-0 fusion_builder_column_1_6 1_6 fusion-one-sixth fusion-column-first\" style=\"--awb-bg-size:cover;width:16.666666666667%;width:calc(16.666666666667% - ( ( 4% + 4% ) * 0.16666666666667 ) );margin-right: 4%;\"><div class=\"fusion-column-wrapper fusion-flex-column-wrapper-legacy\"><div class=\"fusion-clearfix\"><\/div><\/div><\/div><div class=\"fusion-layout-column fusion_builder_column fusion-builder-column-1 fusion_builder_column_2_3 2_3 fusion-two-third fusion-column-no-min-height\" style=\"--awb-bg-size:cover;--awb-margin-top:0px;--awb-margin-bottom:0px;width:66.666666666667%;width:calc(66.666666666667% - ( ( 4% + 4% ) * 0.66666666666667 ) );margin-right: 4%;\"><div class=\"fusion-column-wrapper fusion-flex-column-wrapper-legacy\"><div class=\"fusion-text fusion-text-1\"><h3>1. Inhalt des Onlineangebotes<\/h3>\n<p>Der Autor \u00fcbernimmt keinerlei Gew\u00e4hr f\u00fcr die Aktualit\u00e4t, Korrektheit, Vollst\u00e4ndigkeit oder Qualit\u00e4t der bereitgestellten Informationen. Haftungsanspr\u00fcche gegen den Autor, welche sich auf Sch\u00e4den materieller oder ideeller Art beziehen, die durch die Nutzung oder Nichtnutzung der dargebotenen Informationen bzw. durch die Nutzung fehlerhafter und unvollst\u00e4ndiger Informationen verursacht wurden, sind grunds\u00e4tzlich ausgeschlossen, sofern seitens des Autors kein nachweislich vors\u00e4tzliches oder grob fahrl\u00e4ssiges Verschulden vorliegt.<br \/>\nAlle Angebote sind freibleibend und unverbindlich. Der Autor beh\u00e4lt es sich ausdr\u00fccklich vor, Teile der Seiten oder das gesamte Angebot ohne gesonderte Ank\u00fcndigung zu ver\u00e4ndern, zu erg\u00e4nzen, zu l\u00f6schen oder die Ver\u00f6ffentlichung zeitweise oder endg\u00fcltig einzustellen.<\/p>\n<h3>2. Verweise und Links<\/h3>\n<p>Bei direkten oder indirekten Verweisen auf fremde Webseiten (&#8222;Hyperlinks&#8220;), die au\u00dferhalb des Verantwortungsbereiches des Autors liegen, w\u00fcrde eine Haftungsverpflichtung ausschlie\u00dflich in dem Fall in Kraft treten, in dem der Autor von den Inhalten Kenntnis hat und es ihm technisch m\u00f6glich und zumutbar w\u00e4re, die Nutzung im Falle rechtswidriger Inhalte zu verhindern.<br \/>\nDer Autor erkl\u00e4rt hiermit ausdr\u00fccklich, dass zum Zeitpunkt der Linksetzung keine illegalen Inhalte auf den zu verlinkenden Seiten erkennbar waren. Auf die aktuelle und zuk\u00fcnftige Gestaltung, die Inhalte oder die Urheberschaft der verlinkten\/verkn\u00fcpften Seiten hat der Autor keinerlei Einfluss. Deshalb distanziert er sich hiermit ausdr\u00fccklich von allen Inhalten aller verlinkten \/verkn\u00fcpften Seiten, die nach der Linksetzung ver\u00e4ndert wurden. Diese Feststellung gilt f\u00fcr alle innerhalb des eigenen Internetangebotes gesetzten Links und Verweise sowie f\u00fcr Fremdeintr\u00e4ge in vom Autor eingerichteten G\u00e4steb\u00fcchern, Diskussionsforen, Linkverzeichnissen, Mailinglisten und in allen anderen Formen von Datenbanken, auf deren Inhalt externe Schreibzugriffe m\u00f6glich sind. F\u00fcr illegale, fehlerhafte oder unvollst\u00e4ndige Inhalte und insbesondere f\u00fcr Sch\u00e4den, die aus der Nutzung oder Nichtnutzung solcherart dargebotener Informationen entstehen, haftet allein der Anbieter der Seite, auf welche verwiesen wurde, nicht derjenige, der \u00fcber Links auf die jeweilige Ver\u00f6ffentlichung lediglich verweist.<\/p>\n<h3>3. Urheber- und Kennzeichenrecht<\/h3>\n<p>Der Autor ist bestrebt, in allen Publikationen die Urheberrechte der verwendeten Bilder, Grafiken, Tondokumente, Videosequenzen und Texte zu beachten, von ihm selbst erstellte Bilder, Grafiken, Tondokumente, Videosequenzen und Texte zu nutzen oder auf lizenzfreie Grafiken, Tondokumente, Videosequenzen und Texte zur\u00fcckzugreifen.<br \/>\nAlle innerhalb des Internetangebotes genannten und ggf. durch Dritte gesch\u00fctzten Marken- und Warenzeichen unterliegen uneingeschr\u00e4nkt den Bestimmungen des jeweils g\u00fcltigen Kennzeichenrechts und den Besitzrechten der jeweiligen eingetragenen Eigent\u00fcmer. Allein aufgrund der blo\u00dfen Nennung ist nicht der Schluss zu ziehen, dass Markenzeichen nicht durch Rechte Dritter gesch\u00fctzt sind!<br \/>\nDas Copyright f\u00fcr ver\u00f6ffentlichte, vom Autor selbst erstellte Objekte bleibt allein beim Autor der Seiten. Eine Vervielf\u00e4ltigung oder Verwendung solcher Grafiken, Tondokumente, Videosequenzen und Texte in anderen elektronischen oder gedruckten Publikationen ist ohne ausdr\u00fcckliche Zustimmung des Autors nicht gestattet.<\/p>\n<h3>4. Datenschutz<\/h3>\n<p>Sofern innerhalb des Internetangebotes die M\u00f6glichkeit zur Eingabe pers\u00f6nlicher oder gesch\u00e4ftlicher Daten (Emailadressen, Namen, Anschriften) besteht, so erfolgt die Preisgabe dieser Daten seitens des Nutzers auf ausdr\u00fccklich freiwilliger Basis. Die Inanspruchnahme und Bezahlung aller angebotenen Dienste ist &#8211; soweit technisch m\u00f6glich und zumutbar &#8211; auch ohne Angabe solcher Daten bzw. unter Angabe anonymisierter Daten oder eines Pseudonyms gestattet. Die Nutzung der im Rahmen des Impressums oder vergleichbarer Angaben ver\u00f6ffentlichten Kontaktdaten wie Postanschriften, Telefon- und Faxnummern sowie Emailadressen durch Dritte zur \u00dcbersendung von nicht ausdr\u00fccklich angeforderten Informationen ist nicht gestattet. Rechtliche Schritte gegen die Versender von sogenannten Spam-Mails bei Verst\u00f6ssen gegen dieses Verbot sind ausdr\u00fccklich vorbehalten.<\/p>\n<h3>5. Cookies<\/h3>\n<p>Cookies sind Textdateien, in der Regel bestehend aus Buchstaben und Zahlen, die bei Besuch bestimmter Webseiten auf dem Computer des Nutzers abgelegt werden. Wir verwenden Cookies, um bestimmte Funktionalit\u00e4ten auf den Seiten zur Verf\u00fcgung stellen zu k\u00f6nnen, und um zu erfahren, wie wir unseren Service f\u00fcr unsere Nutzer noch weiter verbessern k\u00f6nnen.<br \/>\nEinige Cookies sind wichtig f\u00fcr die Funktionalit\u00e4ten der Seiten und werden von uns automatisch aktiviert, wenn die Nutzer diese besuchen. Einige Cookies erm\u00f6glichen es uns, den Nutzern die Dienste und Funktionen anzubieten, die den Bed\u00fcrfnissen der Nutzer am ehesten entsprechen, und unseren Service f\u00fcr sie so anzupassen, dass ihnen eine einfache und schnelle Bedienung gew\u00e4hrleistet wird.<\/p>\n<h3>6. Nutzung von Werkzeugen zur Erhebung von Besucherstatistiken<\/h3>\n<p>Die durch Ihren Besuch erzeugten Informationen \u00fcber Ihre Benutzung dieser Website werden an unseren Server \u00fcbertragen und dort anonymisiert gespeichert. Dazu geh\u00f6ren neben Ihrer IP-Adresse (in anonymisierter Form) auch die aufgerufenen URLs, die Seitenherkunft, die Farbtiefe und Aufl\u00f6sung Ihres Betriebssystems sowie ein Zeitstempel. Diese Daten werden nur f\u00fcr allgemeine Benutzerstatistiken ausgewertet. Eine dar\u00fcber hinausgehende Auswertung oder Ver\u00f6ffentlichung erfolgt nicht. Die Daten werden an Dritte nur \u00fcbermittelt, soweit wir gesetzlich oder durch Gerichtsentscheidung dazu verpflichtet sind oder die Weitergabe im Falle des Missbrauchs des Angebots dieser Webpr\u00e4senz zur Rechts- oder Strafverfolgung erforderlich ist.\u00a0Durch die Nutzung dieser Website erkl\u00e4ren Sie sich mit der Bearbeitung der \u00fcber Sie erhobenen Daten in der zuvor beschriebenen Art und Weise und zu dem zuvor benannten Zweck einverstanden.<\/p>\n<p>Der Provider der Seiten erhebt und speichert automatisch Informationen in so genannten Server-Log Files, die Ihr Browser automatisch an uns \u00fcbermittelt. Dies sind:<\/p>\n<ul>\n<li>Browsertyp\/-version<\/li>\n<li>verwendetes Betriebssystem<\/li>\n<li>Referrer URL<\/li>\n<li>Hostname des zugreifenden Rechners<\/li>\n<li>Uhrzeit der Serveranfrage<\/li>\n<\/ul>\n<p>Die Daten sind nicht bestimmten Personen zuordenbar. Eine Zusammenf\u00fchrung dieser Daten mit anderen Datenquellen wird nicht vorgenommen. Wir behalten uns vor, diese Daten nachtr\u00e4glich zu pr\u00fcfen, wenn uns konkrete Anhaltspunkte f\u00fcr eine rechtswidrige Nutzung bekannt werden.<\/p>\n<h3>7. Rechtswirksamkeit dieses Haftungsausschlusses<\/h3>\n<p>Dieser Haftungsausschluss ist als Teil des Internetangebotes zu betrachten, von dem aus auf diese Seite verwiesen wurde. Sofern Teile oder einzelne Formulierungen dieses Textes der geltenden Rechtslage nicht, nicht mehr oder nicht vollst\u00e4ndig entsprechen sollten, bleiben die \u00fcbrigen Teile des Dokumentes in ihrem Inhalt und ihrer G\u00fcltigkeit davon unber\u00fchrt.<\/p>\n<\/div><div class=\"fusion-text fusion-text-2\"><\/div><div class=\"fusion-clearfix\"><\/div><\/div><\/div><div class=\"fusion-layout-column fusion_builder_column fusion-builder-column-2 fusion_builder_column_1_6 1_6 fusion-one-sixth fusion-column-last\" style=\"--awb-bg-size:cover;width:16.666666666667%;width:calc(16.666666666667% - ( ( 4% + 4% ) * 0.16666666666667 ) );\"><div class=\"fusion-column-wrapper fusion-flex-column-wrapper-legacy\"><div class=\"fusion-clearfix\"><\/div><\/div><\/div><\/div><div class=\"fusion-builder-row fusion-row\"><\/div><\/div><div class=\"fusion-fullwidth fullwidth-box fusion-builder-row-2 has-pattern-background has-mask-background nonhundred-percent-fullwidth non-hundred-percent-height-scrolling fusion-no-small-visibility fusion-no-medium-visibility fusion-builder-container_fullwidth fusion-custom-z-index\" style=\"--awb-border-radius-top-left:0px;--awb-border-radius-top-right:0px;--awb-border-radius-bottom-right:0px;--awb-border-radius-bottom-left:0px;--awb-z-index:10;--awb-padding-left:0px;--awb-margin-top:0px;--awb-background-color:#d2d8ea;--awb-flex-wrap:nowrap;\" ><div class=\"fusion-builder-row fusion-row\"><div class=\"fusion-layout-column fusion_builder_column fusion-builder-column-3 fusion_builder_column_1_5 1_5 fusion-one-fifth fusion-column-first\" style=\"--awb-bg-size:cover;width:20%;width:calc(20% - ( ( 4% + 4% + 4% + 4% ) * 0.2 ) );margin-right: 4%;\" data-scroll-devices=\"small-visibility,medium-visibility,large-visibility\"><div class=\"fusion-column-wrapper fusion-column-has-shadow fusion-flex-column-wrapper-legacy\"><div class=\"fusion-column-content-centered\"><div class=\"fusion-column-content\"><div class=\"fusion-image-element in-legacy-container\" style=\"--awb-caption-title-font-family:var(--h2_typography-font-family);--awb-caption-title-font-weight:var(--h2_typography-font-weight);--awb-caption-title-font-style:var(--h2_typography-font-style);--awb-caption-title-size:var(--h2_typography-font-size);--awb-caption-title-transform:var(--h2_typography-text-transform);--awb-caption-title-line-height:var(--h2_typography-line-height);--awb-caption-title-letter-spacing:var(--h2_typography-letter-spacing);\"><span class=\" fusion-imageframe imageframe-none imageframe-1 hover-type-none\"><a class=\"fusion-no-lightbox\" href=\"https:\/\/www.aachener-bank.de\/\" target=\"_blank\" aria-label=\"Spons2k25_AachenerBank\" rel=\"noopener noreferrer\"><img decoding=\"async\" width=\"400\" height=\"110\" src=\"https:\/\/www.prinzengarde-alsdorf.de\/wp-content\/uploads\/2025\/04\/Spons2k25_AachenerBank.png\" data-orig-src=\"https:\/\/www.prinzengarde-alsdorf.de\/wp-content\/uploads\/2025\/04\/Spons2k25_AachenerBank-400x110.png\" alt class=\"lazyload img-responsive wp-image-33627\" srcset=\"data:image\/svg+xml,%3Csvg%20xmlns%3D%27http%3A%2F%2Fwww.w3.org%2F2000%2Fsvg%27%20width%3D%27943%27%20height%3D%27259%27%20viewBox%3D%270%200%20943%20259%27%3E%3Crect%20width%3D%27943%27%20height%3D%27259%27%20fill-opacity%3D%220%22%2F%3E%3C%2Fsvg%3E\" data-srcset=\"https:\/\/www.prinzengarde-alsdorf.de\/wp-content\/uploads\/2025\/04\/Spons2k25_AachenerBank-200x55.png 200w, https:\/\/www.prinzengarde-alsdorf.de\/wp-content\/uploads\/2025\/04\/Spons2k25_AachenerBank-400x110.png 400w, https:\/\/www.prinzengarde-alsdorf.de\/wp-content\/uploads\/2025\/04\/Spons2k25_AachenerBank-600x165.png 600w, https:\/\/www.prinzengarde-alsdorf.de\/wp-content\/uploads\/2025\/04\/Spons2k25_AachenerBank-800x220.png 800w, https:\/\/www.prinzengarde-alsdorf.de\/wp-content\/uploads\/2025\/04\/Spons2k25_AachenerBank.png 943w\" data-sizes=\"auto\" data-orig-sizes=\"(max-width: 800px) 100vw, 200px\" \/><\/a><\/span><\/div><\/div><\/div><div class=\"fusion-clearfix\"><\/div><\/div><\/div><div class=\"fusion-layout-column fusion_builder_column fusion-builder-column-4 fusion_builder_column_1_5 1_5 fusion-one-fifth\" style=\"--awb-bg-size:cover;width:20%;width:calc(20% - ( ( 4% + 4% + 4% + 4% ) * 0.2 ) );margin-right: 4%;\" data-scroll-devices=\"small-visibility,medium-visibility,large-visibility\"><div class=\"fusion-column-wrapper fusion-column-has-shadow fusion-flex-column-wrapper-legacy\"><div class=\"fusion-column-content-centered\"><div class=\"fusion-column-content\"><div class=\"fusion-image-element in-legacy-container\" style=\"--awb-caption-title-font-family:var(--h2_typography-font-family);--awb-caption-title-font-weight:var(--h2_typography-font-weight);--awb-caption-title-font-style:var(--h2_typography-font-style);--awb-caption-title-size:var(--h2_typography-font-size);--awb-caption-title-transform:var(--h2_typography-text-transform);--awb-caption-title-line-height:var(--h2_typography-line-height);--awb-caption-title-letter-spacing:var(--h2_typography-letter-spacing);\"><span class=\" fusion-imageframe imageframe-none imageframe-2 hover-type-none\"><a class=\"fusion-no-lightbox\" href=\"https:\/\/www.karnevalswierts.com\/\" target=\"_blank\" aria-label=\"Spons2k25_Karnevalswierts\" rel=\"noopener noreferrer\"><img decoding=\"async\" width=\"400\" height=\"109\" src=\"https:\/\/www.prinzengarde-alsdorf.de\/wp-content\/uploads\/2025\/04\/Spons2k25_Karnevalswierts.png\" data-orig-src=\"https:\/\/www.prinzengarde-alsdorf.de\/wp-content\/uploads\/2025\/04\/Spons2k25_Karnevalswierts-400x109.png\" alt class=\"lazyload img-responsive wp-image-33628\" srcset=\"data:image\/svg+xml,%3Csvg%20xmlns%3D%27http%3A%2F%2Fwww.w3.org%2F2000%2Fsvg%27%20width%3D%27943%27%20height%3D%27258%27%20viewBox%3D%270%200%20943%20258%27%3E%3Crect%20width%3D%27943%27%20height%3D%27258%27%20fill-opacity%3D%220%22%2F%3E%3C%2Fsvg%3E\" data-srcset=\"https:\/\/www.prinzengarde-alsdorf.de\/wp-content\/uploads\/2025\/04\/Spons2k25_Karnevalswierts-200x55.png 200w, https:\/\/www.prinzengarde-alsdorf.de\/wp-content\/uploads\/2025\/04\/Spons2k25_Karnevalswierts-400x109.png 400w, https:\/\/www.prinzengarde-alsdorf.de\/wp-content\/uploads\/2025\/04\/Spons2k25_Karnevalswierts-600x164.png 600w, https:\/\/www.prinzengarde-alsdorf.de\/wp-content\/uploads\/2025\/04\/Spons2k25_Karnevalswierts-800x219.png 800w, https:\/\/www.prinzengarde-alsdorf.de\/wp-content\/uploads\/2025\/04\/Spons2k25_Karnevalswierts.png 943w\" data-sizes=\"auto\" data-orig-sizes=\"(max-width: 800px) 100vw, 200px\" \/><\/a><\/span><\/div><\/div><\/div><div class=\"fusion-clearfix\"><\/div><\/div><\/div><div class=\"fusion-layout-column fusion_builder_column fusion-builder-column-5 fusion_builder_column_1_5 1_5 fusion-one-fifth\" style=\"--awb-bg-size:cover;width:20%;width:calc(20% - ( ( 4% + 4% + 4% + 4% ) * 0.2 ) );margin-right: 4%;\" data-scroll-devices=\"small-visibility,medium-visibility,large-visibility\"><div class=\"fusion-column-wrapper fusion-column-has-shadow fusion-flex-column-wrapper-legacy\"><div class=\"fusion-column-content-centered\"><div class=\"fusion-column-content\"><div class=\"fusion-image-element in-legacy-container\" style=\"--awb-caption-title-font-family:var(--h2_typography-font-family);--awb-caption-title-font-weight:var(--h2_typography-font-weight);--awb-caption-title-font-style:var(--h2_typography-font-style);--awb-caption-title-size:var(--h2_typography-font-size);--awb-caption-title-transform:var(--h2_typography-text-transform);--awb-caption-title-line-height:var(--h2_typography-line-height);--awb-caption-title-letter-spacing:var(--h2_typography-letter-spacing);\"><span class=\" fusion-imageframe imageframe-none imageframe-3 hover-type-none\"><a class=\"fusion-no-lightbox\" href=\"https:\/\/www.aachener-zeitung.de\/\" target=\"_blank\" aria-label=\"Spons2k25_AachenerZeitung\" rel=\"noopener noreferrer\"><img decoding=\"async\" width=\"400\" height=\"109\" src=\"https:\/\/www.prinzengarde-alsdorf.de\/wp-content\/uploads\/2025\/04\/Spons2k25_AachenerZeitung.png\" data-orig-src=\"https:\/\/www.prinzengarde-alsdorf.de\/wp-content\/uploads\/2025\/04\/Spons2k25_AachenerZeitung-400x109.png\" alt class=\"lazyload img-responsive wp-image-33629\" srcset=\"data:image\/svg+xml,%3Csvg%20xmlns%3D%27http%3A%2F%2Fwww.w3.org%2F2000%2Fsvg%27%20width%3D%27943%27%20height%3D%27258%27%20viewBox%3D%270%200%20943%20258%27%3E%3Crect%20width%3D%27943%27%20height%3D%27258%27%20fill-opacity%3D%220%22%2F%3E%3C%2Fsvg%3E\" data-srcset=\"https:\/\/www.prinzengarde-alsdorf.de\/wp-content\/uploads\/2025\/04\/Spons2k25_AachenerZeitung-200x55.png 200w, https:\/\/www.prinzengarde-alsdorf.de\/wp-content\/uploads\/2025\/04\/Spons2k25_AachenerZeitung-400x109.png 400w, https:\/\/www.prinzengarde-alsdorf.de\/wp-content\/uploads\/2025\/04\/Spons2k25_AachenerZeitung-600x164.png 600w, https:\/\/www.prinzengarde-alsdorf.de\/wp-content\/uploads\/2025\/04\/Spons2k25_AachenerZeitung-800x219.png 800w, https:\/\/www.prinzengarde-alsdorf.de\/wp-content\/uploads\/2025\/04\/Spons2k25_AachenerZeitung.png 943w\" data-sizes=\"auto\" data-orig-sizes=\"(max-width: 800px) 100vw, 200px\" \/><\/a><\/span><\/div><\/div><\/div><div class=\"fusion-clearfix\"><\/div><\/div><\/div><div class=\"fusion-layout-column fusion_builder_column fusion-builder-column-6 fusion_builder_column_1_5 1_5 fusion-one-fifth\" style=\"--awb-bg-size:cover;width:20%;width:calc(20% - ( ( 4% + 4% + 4% + 4% ) * 0.2 ) );margin-right: 4%;\" data-scroll-devices=\"small-visibility,medium-visibility,large-visibility\"><div class=\"fusion-column-wrapper fusion-column-has-shadow fusion-flex-column-wrapper-legacy\"><div class=\"fusion-column-content-centered\"><div class=\"fusion-column-content\"><div class=\"fusion-image-element in-legacy-container\" style=\"--awb-caption-title-font-family:var(--h2_typography-font-family);--awb-caption-title-font-weight:var(--h2_typography-font-weight);--awb-caption-title-font-style:var(--h2_typography-font-style);--awb-caption-title-size:var(--h2_typography-font-size);--awb-caption-title-transform:var(--h2_typography-text-transform);--awb-caption-title-line-height:var(--h2_typography-line-height);--awb-caption-title-letter-spacing:var(--h2_typography-letter-spacing);\"><span class=\" fusion-imageframe imageframe-none imageframe-4 hover-type-none\"><a class=\"fusion-no-lightbox\" href=\"https:\/\/www.sparkasse-aachen.de\/\" target=\"_blank\" aria-label=\"Spons2k25_Sparkasse\" rel=\"noopener noreferrer\"><img decoding=\"async\" width=\"400\" height=\"109\" src=\"https:\/\/www.prinzengarde-alsdorf.de\/wp-content\/uploads\/2025\/04\/Spons2k25_Sparkasse.png\" data-orig-src=\"https:\/\/www.prinzengarde-alsdorf.de\/wp-content\/uploads\/2025\/04\/Spons2k25_Sparkasse-400x109.png\" alt class=\"lazyload img-responsive wp-image-33630\" srcset=\"data:image\/svg+xml,%3Csvg%20xmlns%3D%27http%3A%2F%2Fwww.w3.org%2F2000%2Fsvg%27%20width%3D%27943%27%20height%3D%27258%27%20viewBox%3D%270%200%20943%20258%27%3E%3Crect%20width%3D%27943%27%20height%3D%27258%27%20fill-opacity%3D%220%22%2F%3E%3C%2Fsvg%3E\" data-srcset=\"https:\/\/www.prinzengarde-alsdorf.de\/wp-content\/uploads\/2025\/04\/Spons2k25_Sparkasse-200x55.png 200w, https:\/\/www.prinzengarde-alsdorf.de\/wp-content\/uploads\/2025\/04\/Spons2k25_Sparkasse-400x109.png 400w, https:\/\/www.prinzengarde-alsdorf.de\/wp-content\/uploads\/2025\/04\/Spons2k25_Sparkasse-600x164.png 600w, https:\/\/www.prinzengarde-alsdorf.de\/wp-content\/uploads\/2025\/04\/Spons2k25_Sparkasse-800x219.png 800w, https:\/\/www.prinzengarde-alsdorf.de\/wp-content\/uploads\/2025\/04\/Spons2k25_Sparkasse.png 943w\" data-sizes=\"auto\" data-orig-sizes=\"(max-width: 800px) 100vw, 200px\" \/><\/a><\/span><\/div><\/div><\/div><div class=\"fusion-clearfix\"><\/div><\/div><\/div><div class=\"fusion-layout-column fusion_builder_column fusion-builder-column-7 fusion_builder_column_1_5 1_5 fusion-one-fifth fusion-column-last\" style=\"--awb-bg-size:cover;width:20%;width:calc(20% - ( ( 4% + 4% + 4% + 4% ) * 0.2 ) );\" data-scroll-devices=\"small-visibility,medium-visibility,large-visibility\"><div class=\"fusion-column-wrapper fusion-column-has-shadow fusion-flex-column-wrapper-legacy\"><div class=\"fusion-column-content-centered\"><div class=\"fusion-column-content\"><div class=\"fusion-image-element in-legacy-container\" style=\"--awb-caption-title-font-family:var(--h2_typography-font-family);--awb-caption-title-font-weight:var(--h2_typography-font-weight);--awb-caption-title-font-style:var(--h2_typography-font-style);--awb-caption-title-size:var(--h2_typography-font-size);--awb-caption-title-transform:var(--h2_typography-text-transform);--awb-caption-title-line-height:var(--h2_typography-line-height);--awb-caption-title-letter-spacing:var(--h2_typography-letter-spacing);\"><span class=\" fusion-imageframe imageframe-none imageframe-5 hover-type-none\"><a class=\"fusion-no-lightbox\" href=\"https:\/\/www.mb-zittel.de\/\" target=\"_blank\" aria-label=\"Spons2k25_Zittel\" rel=\"noopener noreferrer\"><img decoding=\"async\" width=\"400\" height=\"109\" src=\"https:\/\/www.prinzengarde-alsdorf.de\/wp-content\/uploads\/2025\/04\/Spons2k25_Zittel.png\" data-orig-src=\"https:\/\/www.prinzengarde-alsdorf.de\/wp-content\/uploads\/2025\/04\/Spons2k25_Zittel-400x109.png\" alt class=\"lazyload img-responsive wp-image-33632\" srcset=\"data:image\/svg+xml,%3Csvg%20xmlns%3D%27http%3A%2F%2Fwww.w3.org%2F2000%2Fsvg%27%20width%3D%27943%27%20height%3D%27258%27%20viewBox%3D%270%200%20943%20258%27%3E%3Crect%20width%3D%27943%27%20height%3D%27258%27%20fill-opacity%3D%220%22%2F%3E%3C%2Fsvg%3E\" data-srcset=\"https:\/\/www.prinzengarde-alsdorf.de\/wp-content\/uploads\/2025\/04\/Spons2k25_Zittel-200x55.png 200w, https:\/\/www.prinzengarde-alsdorf.de\/wp-content\/uploads\/2025\/04\/Spons2k25_Zittel-400x109.png 400w, https:\/\/www.prinzengarde-alsdorf.de\/wp-content\/uploads\/2025\/04\/Spons2k25_Zittel-600x164.png 600w, https:\/\/www.prinzengarde-alsdorf.de\/wp-content\/uploads\/2025\/04\/Spons2k25_Zittel-800x219.png 800w, https:\/\/www.prinzengarde-alsdorf.de\/wp-content\/uploads\/2025\/04\/Spons2k25_Zittel.png 943w\" data-sizes=\"auto\" data-orig-sizes=\"(max-width: 800px) 100vw, 200px\" \/><\/a><\/span><\/div><\/div><\/div><div class=\"fusion-clearfix\"><\/div><\/div><\/div><\/div><\/div><\/p>\n","protected":false},"excerpt":{"rendered":"","protected":false},"author":2,"featured_media":0,"parent":0,"menu_order":0,"comment_status":"closed","ping_status":"closed","template":"","meta":{"footnotes":""},"class_list":["post-113","page","type-page","status-publish","hentry"],"_links":{"self":[{"href":"https:\/\/www.prinzengarde-alsdorf.de\/index.php?rest_route=\/wp\/v2\/pages\/113","targetHints":{"allow":["GET"]}}],"collection":[{"href":"https:\/\/www.prinzengarde-alsdorf.de\/index.php?rest_route=\/wp\/v2\/pages"}],"about":[{"href":"https:\/\/www.prinzengarde-alsdorf.de\/index.php?rest_route=\/wp\/v2\/types\/page"}],"author":[{"embeddable":true,"href":"https:\/\/www.prinzengarde-alsdorf.de\/index.php?rest_route=\/wp\/v2\/users\/2"}],"replies":[{"embeddable":true,"href":"https:\/\/www.prinzengarde-alsdorf.de\/index.php?rest_route=%2Fwp%2Fv2%2Fcomments&post=113"}],"version-history":[{"count":1,"href":"https:\/\/www.prinzengarde-alsdorf.de\/index.php?rest_route=\/wp\/v2\/pages\/113\/revisions"}],"predecessor-version":[{"id":33900,"href":"https:\/\/www.prinzengarde-alsdorf.de\/index.php?rest_route=\/wp\/v2\/pages\/113\/revisions\/33900"}],"wp:attachment":[{"href":"https:\/\/www.prinzengarde-alsdorf.de\/index.php?rest_route=%2Fwp%2Fv2%2Fmedia&parent=113"}],"curies":[{"name":"wp","href":"https:\/\/api.w.org\/{rel}","templated":true}]}}